{"id":110,"date":"2021-03-30T13:23:17","date_gmt":"2021-03-30T11:23:17","guid":{"rendered":"https:\/\/familiafutura.de\/?page_id=110"},"modified":"2023-10-25T14:18:18","modified_gmt":"2023-10-25T12:18:18","slug":"titel-der-leichten-sprache-uebersetzung","status":"publish","type":"page","link":"https:\/\/familiafutura.de\/ls\/titel-der-leichten-sprache-uebersetzung\/","title":{"rendered":"Willkommen Melisa Bel Adasme!"},"content":{"rendered":"<p>Familia Futura w\u00e4chst!<\/p>\n<p>Wir haben eine neue Person im Team von Familia Futura.<br \/>\nSie hei\u00dft\u00a0<a href=\"https:\/\/familiafutura.de\/team\/\">Melisa Bel Adasme.<\/a><br \/>\nMelisa macht bei Familia Futura die K\u00fcnstlerische Leitung.<br \/>\nSie gestaltet das Programm.<\/p>\n<p>N\u00e4chstes Jahr wollen wir wieder ein Festival machen.<br \/>\nDaf\u00fcr schreiben wir gerade Texte.<br \/>\nWir \u00fcberlegen uns:<br \/>\nWorum soll es bei dem Festival gehen.<br \/>\nEs soll um F\u00fcrsorge gehen.<br \/>\nF\u00fcrsorge f\u00fcr sich selbst und f\u00fcr andere.<\/p>\n<p>Wir sprechen mit Eltern, die ihre Kinder<\/p>\n<ul>\n<li>pflegen<\/li>\n<li>alleine erziehen<\/li>\n<li>getrennt erziehen<\/li>\n<\/ul>\n<p>Wir fragen:<br \/>\nWas brauchen sie um gut f\u00fcr sich zu sorgen?<br \/>\nWie k\u00f6nnen sie das bekommen?<\/p>\n<p>Das Festival soll 2 Tage gehen.<br \/>\nWir wollen miteinander sprechen und arbeiten.<br \/>\nWir wollen uns entspannen.<br \/>\nEs wird Ruher\u00e4ume geben.<br \/>\nEs wird eine Kinderbetreuung geben.<br \/>\nDie R\u00e4ume sind barrierefrei.<\/p>\n<div>Wir freuen uns drauf!<\/div>\n","protected":false},"excerpt":{"rendered":"<p>Familia Futura w\u00e4chst! Wir haben eine neue Person im Team von Familia Futura. Sie hei\u00dft\u00a0Melisa Bel Adasme. Melisa macht bei Familia Futura die K\u00fcnstlerische Leitung. Sie gestaltet das Programm. N\u00e4chstes Jahr wollen wir wieder ein Festival machen. Daf\u00fcr schreiben wir gerade Texte. Wir \u00fcberlegen uns: Worum soll es bei dem Festival gehen. Es soll um [&hellip;]<\/p>\n","protected":false},"author":1,"featured_media":0,"parent":0,"menu_order":0,"comment_status":"closed","ping_status":"closed","template":"","meta":{"_acf_changed":false,"footnotes":""},"class_list":["post-110","page","type-page","status-publish","hentry"],"acf":[],"_links":{"self":[{"href":"https:\/\/familiafutura.de\/ls\/wp-json\/wp\/v2\/pages\/110","targetHints":{"allow":["GET"]}}],"collection":[{"href":"https:\/\/familiafutura.de\/ls\/wp-json\/wp\/v2\/pages"}],"about":[{"href":"https:\/\/familiafutura.de\/ls\/wp-json\/wp\/v2\/types\/page"}],"author":[{"embeddable":true,"href":"https:\/\/familiafutura.de\/ls\/wp-json\/wp\/v2\/users\/1"}],"replies":[{"embeddable":true,"href":"https:\/\/familiafutura.de\/ls\/wp-json\/wp\/v2\/comments?post=110"}],"version-history":[{"count":12,"href":"https:\/\/familiafutura.de\/ls\/wp-json\/wp\/v2\/pages\/110\/revisions"}],"predecessor-version":[{"id":601,"href":"https:\/\/familiafutura.de\/ls\/wp-json\/wp\/v2\/pages\/110\/revisions\/601"}],"wp:attachment":[{"href":"https:\/\/familiafutura.de\/ls\/wp-json\/wp\/v2\/media?parent=110"}],"curies":[{"name":"wp","href":"https:\/\/api.w.org\/{rel}","templated":true}]}}